{"id":8645,"date":"2024-09-07T13:55:56","date_gmt":"2024-09-07T11:55:56","guid":{"rendered":"https:\/\/trafilmetal.it\/?page_id=8645"},"modified":"2025-04-10T15:50:41","modified_gmt":"2025-04-10T13:50:41","slug":"cookie-policy","status":"publish","type":"page","link":"https:\/\/trafilmetal.it\/it_it\/cookie-policy\/","title":{"rendered":"Cookies Policy"},"content":{"rendered":"<div class=\"wpb-content-wrapper\"><div class=\"vc_row wpb_row section vc_row-fluid  vc_custom_1744292781248\" style=' text-align:left;'><div class=\"full_section_inner clearfix\"><div class=\"wpb_column vc_column_container vc_col-sm-12\"><div class=\"vc_column-inner\"><div class=\"wpb_wrapper\">\n\t<div class=\"wpb_text_column wpb_content_element\">\n\t\t<div class=\"wpb_wrapper\">\n\t\t\t<h3>Cosa sono i cookie?<\/h3>\n<p>I \"cookie\" sono piccole stringhe di testo inviate da un server a un client Web (solitamente un browser) e poi rispedite dal client al server (senza subire modifiche) ogni volta che il client accede alla stessa porzione dello stesso dominio web. In altre parole, si tratta delle tracce che ogni visitatore\/utente lascia sul web durante la navigazione di una pagina web.<\/p>\n<p>In the case of \u201clong-term cookies\u201d, these traces are stored in the internal memory of your computer or mobile device and, thanks to them, after a first visit to the site, the system will be able to recognize the user who has already been on that site at each subsequent visit.<\/p>\n<p>In the case of &#8220;session cookies&#8221;, however, the information is not stored persistently on the user&#8217;s computer or mobile device, but disappears with the end of each browsing session.<\/p>\n<p>Per maggiori informazioni: <a href=\"http:\/\/it.wikipedia.org\/wiki\/Cookie.\">http:\/\/it.wikipedia.org\/wiki\/Cookie.<\/a><\/p>\n\n\t\t<\/div>\n\t<\/div><\/div><\/div><\/div><\/div><\/div><div      class=\"vc_row wpb_row section vc_row-fluid  vc_custom_1744292781248\" style=' text-align:left;'><div class=\"full_section_inner clearfix\"><div class=\"wpb_column vc_column_container vc_col-sm-12\"><div class=\"vc_column-inner\"><div class=\"wpb_wrapper\">\n\t<div class=\"wpb_text_column wpb_content_element\">\n\t\t<div class=\"wpb_wrapper\">\n\t\t\t<h3>Perch\u00e9 utilizziamo i cookie?<\/h3>\n<p><strong>trafilmetal.it<\/strong> uses cookies on its website to analyze access to web pages, customize information, content and services and guarantee visitors\/users quality, trust and security.<\/p>\n<p>Inoltre, il <strong>trafilmetal.it<\/strong> Il sito web consente di rifiutare il tracciamento dei cookie, ma in questo caso l'utilizzo di alcune funzionalit\u00e0 e personalizzazioni potrebbe essere precluso (ad esempio, la possibilit\u00e0 di aggiungere uno sfondo ai \"preferiti\"). Si ricorda che per impostazione predefinita quasi tutti i browser web sono impostati per accettare automaticamente il tracciamento dei cookie.<\/p>\n<p>I visitatori\/utenti possono comunque modificare la configurazione predefinita del proprio browser. Come gi\u00e0 specificato, la disabilitazione o l'eliminazione dei cookie potrebbe tuttavia impedire la fruizione ottimale di alcune aree del Sito. <strong>trafilmetal.it<\/strong>.<\/p>\n<p>In ogni caso, qualora i visitatori\/utenti volessero decidere di volta in volta se accettare o meno i cookie, \u00e8 anche possibile configurare il proprio browser affinch\u00e9 generi un avviso ogni volta che viene salvato un cookie.<\/p>\n\n\t\t<\/div>\n\t<\/div><\/div><\/div><\/div><\/div><\/div><div      class=\"vc_row wpb_row section vc_row-fluid  vc_custom_1744292781248\" style=' text-align:left;'><div class=\"full_section_inner clearfix\"><div class=\"wpb_column vc_column_container vc_col-sm-12\"><div class=\"vc_column-inner\"><div class=\"wpb_wrapper\">\n\t<div class=\"wpb_text_column wpb_content_element\">\n\t\t<div class=\"wpb_wrapper\">\n\t\t\t<h3>Quali tipi di cookie utilizza trafilmetal.it?<\/h3>\n<p><strong>Cookie essenziali<\/strong><\/p>\n<p>Questi cookie sono essenziali per consentirti di navigare sul Sito e utilizzarne tutte le funzionalit\u00e0. Senza questi cookie, che sono assolutamente necessari, non saremmo in grado di fornirti determinati servizi o funzioni e la navigazione sul Sito non sarebbe fluida e facile come dovrebbe essere.<\/p>\n<p><strong>Cookie di prestazione<\/strong><\/p>\n<p>I cookie di prestazione, detti anche cookie analitici, raccolgono informazioni su come utilizzi il sito e ci consentono di migliorarne il funzionamento. Ad esempio, i cookie di prestazione ci mostrano quali sono le pagine pi\u00f9 visitate, i modelli ricorrenti di utilizzo del sito e ci aiutano a comprendere eventuali difficolt\u00e0 che incontri nell'utilizzo del sito.<\/p>\n<p><strong>Cookie di funzionalit\u00e0<\/strong><\/p>\n<p>In alcune circostanze potremmo utilizzare cookie di funzionalit\u00e0. I \u200b\u200bcookie di funzionalit\u00e0 ci consentono di ricordare le scelte che effettui sul sito e\/o sui servizi e che richiedi espressamente, al fine di fornirti servizi pi\u00f9 avanzati e personalizzati, come l'aggiunta di uno sfondo ai \"preferiti\" o la personalizzazione di una determinata pagina web.<\/p>\n\n\t\t<\/div>\n\t<\/div><\/div><\/div><\/div><\/div><\/div><div      class=\"vc_row wpb_row section vc_row-fluid  vc_custom_1744292781248\" style=' text-align:left;'><div class=\"full_section_inner clearfix\"><div class=\"wpb_column vc_column_container vc_col-sm-12\"><div class=\"vc_column-inner\"><div class=\"wpb_wrapper\">\n\t<div class=\"wpb_text_column wpb_content_element\">\n\t\t<div class=\"wpb_wrapper\">\n\t\t\t<h3>Come gestire i cookie?<\/h3>\n<p>Puoi rifiutare in qualsiasi momento l'utilizzo dei cookie da questo sito semplicemente selezionando, sul tuo browser, le impostazioni che consentono di rifiutarli. Di seguito una breve panoramica dei principali browser utilizzati:<br \/>\n<a href=\"http:\/\/windows.microsoft.com\/it-it\/internet-explorer\/delete-manage-cookies#ie=ie-11\" target=\"_blank\" rel=\"noopener\">Microsoft Internet Explorer<\/a><\/p>\n<p><a href=\"https:\/\/support.google.com\/chrome\/answer\/95647?hl=it\" target=\"_blank\" rel=\"noopener\">Google Chrome<\/a><\/p>\n<p><a href=\"https:\/\/support.mozilla.org\/it\/kb\/Gestione%20dei%20cookie\" target=\"_blank\" rel=\"noopener\">Mozilla Firefox<\/a><\/p>\n<p><a href=\"http:\/\/www.apple.com\/legal\/privacy\/it\/cookies\/\" target=\"_blank\" rel=\"noopener\">Safari<\/a><\/p>\n<p><a href=\"http:\/\/help.opera.com\/Windows\/10.00\/it\/cookies.html\" target=\"_blank\" rel=\"noopener\">Opera<\/a><\/p>\n<p><strong>Cookie di terze parti<\/strong><\/p>\n<p>Il sito contiene collegamenti ad altri siti Web che dispongono di una propria informativa sulla privacy, queste informative sulla privacy possono essere diverse da quella adottata da trafilmetal.it, che quindi non risponde per Siti di terze parti.<\/p>\n<p><strong>Google Analytics<\/strong><\/p>\n<p>Il sito utilizza Google Analytics, uno strumento di analisi di Google che aiuta i proprietari di siti web e app a capire come i visitatori interagiscono con i contenuti di loro propriet\u00e0. Un set di cookie pu\u00f2 essere utilizzato per raccogliere informazioni e generare statistiche sull'utilizzo del sito web senza l'identificazione personale dei singoli visitatori da parte di Google.<\/p>\n<p>Oltre a segnalare statistiche sull'utilizzo del sito web, il tag pixel di Google Analytics pu\u00f2 essere utilizzato, insieme ad alcuni dei cookie pubblicitari descritti sopra, per aiutarci a mostrare risultati pi\u00f9 pertinenti nelle propriet\u00e0 di Google (come la Ricerca Google) e in tutto il Web.<\/p>\n<p><strong>Google Maps<\/strong><\/p>\n<p>Questi cookie vengono utilizzati da Google per memorizzare le tue preferenze e informazioni ogni volta che visiti pagine web contenenti mappe geografiche di Google Maps. Questi cookie contengono informazioni sufficienti per consentire il tracciamento.<\/p>\n<p>Leggi di pi\u00f9 su <a href=\"https:\/\/developers.google.com\/analytics\/devguides\/collection\/analyticsjs\/cookie-usage\" target=\"_blank\" rel=\"noopener\">Analytics cookies and privacy<\/a>.?<br \/>\n<a href=\"https:\/\/tools.google.com\/dlpage\/gaoptout\/\" target=\"_blank\" rel=\"noopener\">Add-on to deactivate Google Analytics??<\/a><\/p>\n<p><strong>Google Adwords<\/strong><\/p>\n<p>Il sito pu\u00f2 anche utilizzare lo strumento pubblicitario e di remarketing di Google Adwords. Questo strumento consente di pubblicizzare <strong>trafilmetal.it<\/strong> e pubblicare annunci personalizzati in base alle visite degli utenti al nostro sito. Per questo motivo, alcune pagine del sito potrebbero includere un codice chiamato \"codice di remarketing\".<\/p>\n<p>Questo codice permette di leggere e configurare i cookie del browser al fine di determinare quale tipo di annuncio visualizzerai, in funzione dei dati relativi alla tua visita al sito, come per esempio il circuito di navigazione scelto, le pagine effettivamente visitate o le azioni compiute al loro interno.<\/p>\n<p>Le liste di remarketing cos\u00ec create vengono archiviate in un database sui server di Google in cui sono conservati tutti gli ID dei cookie associati a ciascuna lista o categoria di interessi. Le informazioni ottenute consentono di identificare solo il browser, poich\u00e9 Google non \u00e8 in grado di identificare l'utente con queste informazioni.<\/p>\n<p>Per maggiori informazioni sul Remarketing di Google, puoi visitare la pagina<br \/>\n<a href=\"https:\/\/support.google.com\/adwords\/answer\/2454000?hl=it&amp;ref_topic=2677326%20http:\/\/\" target=\"_blank\" rel=\"noopener\">https:\/\/support.google.com\/adwords\/answer\/2454000?hl=it&amp;ref_topic=2677326 <\/a><\/p>\n<p>Per maggiori informazioni sulla Privacy Policy e sui Principi di Google, puoi visitare la pagina<br \/>\n<a href=\"http:\/\/www.google.it\/policies\/technologies\/ads\/\" target=\"_blank\" rel=\"noopener\">http:\/\/www.google.it\/policies\/technologies\/ads\/<\/a><\/p>\n<p>L'autorizzazione alla raccolta e all'archiviazione dei dati pu\u00f2 essere revocata in qualsiasi momento. L'utente pu\u00f2 disattivare l'utilizzo dei cookie da parte di Google tramite le specifiche opzioni di impostazione dei diversi browser.<\/p>\n<p>Per maggiori informazioni:<\/p>\n<p><a href=\"https:\/\/www.google.com\/settings\/u\/0\/ads?hl=it&amp;sig=ACi0TCjK3ImesC3NGFWfa_kPO7Py8EGpIqXI5qrpSewN07S4xy66ibC9YONR3d cpHKenUWclITCXKJc5gT_UQcd10LV_zsbqyZaS_CjoWRCTeiwoU-0tpmCKW9Xzv9n6mtLHS8rk8HO-1LJS1u7zvmkobJ_hmzVCmmpcRbNVvWu1RItq9_Sx4b8\" target=\"_blank\" rel=\"noopener\">Management of ad preferences<br \/>\n<\/a><\/p>\n<p><a href=\"http:\/\/www.networkadvertising.org\/choices\/\" target=\"_blank\" rel=\"noopener\">Rules for deactivating Behavioral Advertising<\/a><\/p>\n\n\t\t<\/div>\n\t<\/div><\/div><\/div><\/div><\/div><\/div>\n<\/div>","protected":false},"excerpt":{"rendered":"What are cookies? \u201cCookies\u201d are small text strings sent by a server to a Web client (usually a browser) and then sent back by the client to the server (without being modified) every time the client accesses the same portion of the same web domain....","protected":false},"author":1,"featured_media":0,"parent":0,"menu_order":0,"comment_status":"closed","ping_status":"closed","template":"","meta":{"footnotes":""},"class_list":["post-8645","page","type-page","status-publish","hentry"],"_links":{"self":[{"href":"https:\/\/trafilmetal.it\/it_it\/wp-json\/wp\/v2\/pages\/8645","targetHints":{"allow":["GET"]}}],"collection":[{"href":"https:\/\/trafilmetal.it\/it_it\/wp-json\/wp\/v2\/pages"}],"about":[{"href":"https:\/\/trafilmetal.it\/it_it\/wp-json\/wp\/v2\/types\/page"}],"author":[{"embeddable":true,"href":"https:\/\/trafilmetal.it\/it_it\/wp-json\/wp\/v2\/users\/1"}],"replies":[{"embeddable":true,"href":"https:\/\/trafilmetal.it\/it_it\/wp-json\/wp\/v2\/comments?post=8645"}],"version-history":[{"count":28,"href":"https:\/\/trafilmetal.it\/it_it\/wp-json\/wp\/v2\/pages\/8645\/revisions"}],"predecessor-version":[{"id":8914,"href":"https:\/\/trafilmetal.it\/it_it\/wp-json\/wp\/v2\/pages\/8645\/revisions\/8914"}],"wp:attachment":[{"href":"https:\/\/trafilmetal.it\/it_it\/wp-json\/wp\/v2\/media?parent=8645"}],"curies":[{"name":"wp","href":"https:\/\/api.w.org\/{rel}","templated":true}]}}