{"id":9085,"date":"2025-10-17T17:18:45","date_gmt":"2025-10-17T15:18:45","guid":{"rendered":"https:\/\/trafilmetal.it\/?page_id=9085"},"modified":"2025-10-17T17:36:02","modified_gmt":"2025-10-17T15:36:02","slug":"sustainability-report","status":"publish","type":"page","link":"https:\/\/trafilmetal.it\/it_it\/sustainability-report\/","title":{"rendered":"Bilancio di Sostenibilit\u00e0"},"content":{"rendered":"<div class=\"wpb-content-wrapper\"><div      class=\"vc_row wpb_row section vc_row-fluid\" style=' text-align:left;'><div class=\"full_section_inner clearfix\"><div class=\"wpb_column vc_column_container vc_col-sm-12\"><div class=\"vc_column-inner\"><div class=\"wpb_wrapper\">\n\t<div class=\"wpb_text_column wpb_content_element\">\n\t\t<div class=\"wpb_wrapper\">\n\t\t\t<p><strong>Cari Stakeholder<\/strong>,<\/p>\n<p>Trafilmetal Profilatura \u00e8 lieta di presentare il proprio primo Bilancio di Sostenibilit\u00e0, documento che testimonia il cammino intrapreso verso un modello di sviluppo improntato ai principi della trasparenza, dell\u2019etica e della tutela ambientale.<br \/>\nL\u2019attenzione alla sostenibilit\u00e0 costituisce da tempo un elemento distintivo della nostra identit\u00e0 aziendale: gi\u00e0 nel 2012, attraverso l\u2019adozione di un impianto fotovoltaico per l\u2019autoproduzione di\u00a0energia, abbiamo espresso una volont\u00e0 concreta di coniugare progresso industriale e rispetto per l\u2019ambiente. Questo orientamento si \u00e8 rafforzato negli anni mediante la scelta di fornitori maggiormente virtuosi dal punto di vista ambientale, l\u2019adesione a certificazioni di qualit\u00e0 e sostenibilit\u00e0, nonch\u00e9 l\u2019implementazione di politiche di miglioramento continuo, con l\u2019obiettivo di promuovere un\u2019industria pi\u00f9 efficiente, sicura e consapevole.<br \/>\nConsci delle sfide imposte dal contesto globale e dell\u2019urgente necessit\u00e0 di un cambiamento sistemico, riteniamo imprescindibile il nostro ruolo attivo nella creazione di valore condiviso per tutti gli stakeholder: clienti, collaboratori, fornitori, comunit\u00e0 locali e ambiente. In tale prospettiva, la nostra azienda si ispira ai valori di flessibilit\u00e0, dinamismo e attenzione costante, che ci hanno consentito di preservare la continuit\u00e0 produttiva anche nei periodi pi\u00f9 complessi, di investire nella formazione delle risorse umane, e di mantenere saldo il nostro impegno verso l\u2019innovazione e il miglioramento qualitativo dei servizi offerti.<br \/>\nIl presente Bilancio non si limita a fotografare il nostro stato attuale, bens\u00ec intende delineare, con chiarezza e determinazione, le direttrici di sviluppo futuro: il perseguimento di una progressiva riduzione delle emissioni, l\u2019espansione dei servizi in ottica di sostenibilit\u00e0, il perfezionamento dei sistemi di gestione ambientale e della qualit\u00e0, e il consolidamento delle relazioni con i nostri stakeholder in un\u2019ottica di corresponsabilit\u00e0 e dialogo aperto.<br \/>\nCon questo documento desideriamo riaffermare la nostra ferma convinzione che il vero progresso non possa prescindere da un profondo rispetto per l\u2019ambiente, da una valorizzazione autentica delle persone e da un impegno quotidiano verso una crescita sostenibile ed equilibrata.<br \/>\nCoscienti della responsabilit\u00e0 che il nostro operato implica e animati dalla convinzione che la sostenibilit\u00e0 rappresenti il fondamento imprescindibile per un progresso autentico e condiviso, rinnoviamo il nostro impegno a costruire, giorno dopo giorno, un futuro improntato ai valori della responsabilit\u00e0, dell\u2019etica e dell\u2019innovazione.<br \/>\nAugurandoci che questo Bilancio possa costituire non soltanto uno strumento di rendicontazione, ma anche di condivisione e stimolo verso un percorso virtuoso comune, confermiamo la nostra volont\u00e0 di proseguire, insieme ai nostri stakeholder, verso un modello di crescita sostenibile, inclusiva e duratura.<\/p>\n\n\t\t<\/div>\n\t<\/div>\n\t<div class=\"wpb_text_column wpb_content_element\">\n\t\t<div class=\"wpb_wrapper\">\n\t\t\t<div id=\"attachment_9071\" style=\"width: 210px\" class=\"wp-caption aligncenter\"><a href=\"https:\/\/trafilmetal.it\/wp-content\/uploads\/2025\/10\/bilancio_sostenibilita_ita.pdf\"><img loading=\"lazy\" decoding=\"async\" aria-describedby=\"caption-attachment-9071\" class=\"wp-image-9071\" src=\"https:\/\/trafilmetal.it\/wp-content\/uploads\/2025\/10\/pdf.png\" alt=\"Bilancio di Sostenibilit\u00e0\" width=\"200\" height=\"200\" \/><\/a><p id=\"caption-attachment-9071\" class=\"wp-caption-text\">Bilancio di Sostenibilit\u00e0<\/p><\/div>\n\n\t\t<\/div>\n\t<\/div><div class=\"vc_empty_space\"  style=\"height: 64px\" >\n\t<span class=\"vc_empty_space_inner\">\n\t\t<span class=\"empty_space_image\"  ><\/span>\n\t<\/span>\n<\/div><\/div><\/div><\/div><\/div><\/div>\n<\/div>","protected":false},"excerpt":{"rendered":"Cari Stakeholder, Trafilmetal Profilatura \u00e8 lieta di presentare il proprio primo Bilancio di Sostenibilit\u00e0, documento che testimonia il cammino intrapreso verso un modello di sviluppo improntato ai principi della trasparenza, dell\u2019etica e della tutela ambientale. L\u2019attenzione alla sostenibilit\u00e0 costituisce da tempo un elemento distintivo della...","protected":false},"author":1,"featured_media":0,"parent":0,"menu_order":0,"comment_status":"closed","ping_status":"closed","template":"","meta":{"footnotes":""},"class_list":["post-9085","page","type-page","status-publish","hentry"],"_links":{"self":[{"href":"https:\/\/trafilmetal.it\/it_it\/wp-json\/wp\/v2\/pages\/9085","targetHints":{"allow":["GET"]}}],"collection":[{"href":"https:\/\/trafilmetal.it\/it_it\/wp-json\/wp\/v2\/pages"}],"about":[{"href":"https:\/\/trafilmetal.it\/it_it\/wp-json\/wp\/v2\/types\/page"}],"author":[{"embeddable":true,"href":"https:\/\/trafilmetal.it\/it_it\/wp-json\/wp\/v2\/users\/1"}],"replies":[{"embeddable":true,"href":"https:\/\/trafilmetal.it\/it_it\/wp-json\/wp\/v2\/comments?post=9085"}],"version-history":[{"count":7,"href":"https:\/\/trafilmetal.it\/it_it\/wp-json\/wp\/v2\/pages\/9085\/revisions"}],"predecessor-version":[{"id":9094,"href":"https:\/\/trafilmetal.it\/it_it\/wp-json\/wp\/v2\/pages\/9085\/revisions\/9094"}],"wp:attachment":[{"href":"https:\/\/trafilmetal.it\/it_it\/wp-json\/wp\/v2\/media?parent=9085"}],"curies":[{"name":"wp","href":"https:\/\/api.w.org\/{rel}","templated":true}]}}